{"id":61692,"date":"2021-03-08T04:21:28","date_gmt":"2021-03-08T03:21:28","guid":{"rendered":"https:\/\/www.prismi.it\/storia\/"},"modified":"2026-03-31T12:35:26","modified_gmt":"2026-03-31T10:35:26","slug":"histoire","status":"publish","type":"page","link":"https:\/\/www.prismi.it\/fr\/histoire\/","title":{"rendered":"Histoire"},"content":{"rendered":"\t\t<div data-elementor-type=\"wp-page\" data-elementor-id=\"61692\" class=\"elementor elementor-61692 elementor-36966\">\n\t\t\t\t\t\t<section class=\"elementor-section elementor-top-section elementor-element elementor-element-6ef98bd elementor-section-boxed elementor-section-height-default elementor-section-height-default\" data-id=\"6ef98bd\" data-element_type=\"section\">\n\t\t\t\t\t\t<div class=\"elementor-container elementor-column-gap-default\">\n\t\t\t\t\t<div class=\"elementor-column elementor-col-100 elementor-top-column elementor-element elementor-element-12ceb8f\" data-id=\"12ceb8f\" data-element_type=\"column\">\n\t\t\t<div class=\"elementor-widget-wrap elementor-element-populated\">\n\t\t\t\t\t\t<div class=\"elementor-element elementor-element-bd9f728 elementor-widget elementor-widget-spacer\" data-id=\"bd9f728\" data-element_type=\"widget\" data-widget_type=\"spacer.default\">\n\t\t\t\t<div class=\"elementor-widget-container\">\n\t\t\t\t\t\t\t<div class=\"elementor-spacer\">\n\t\t\t<div class=\"elementor-spacer-inner\"><\/div>\n\t\t<\/div>\n\t\t\t\t\t\t<\/div>\n\t\t\t\t<\/div>\n\t\t\t\t\t<\/div>\n\t\t<\/div>\n\t\t\t\t\t<\/div>\n\t\t<\/section>\n\t\t\t\t<section class=\"elementor-section elementor-top-section elementor-element elementor-element-5f1a461 elementor-section-boxed elementor-section-height-default elementor-section-height-default\" data-id=\"5f1a461\" data-element_type=\"section\">\n\t\t\t\t\t\t<div class=\"elementor-container elementor-column-gap-default\">\n\t\t\t\t\t<div class=\"elementor-column elementor-col-100 elementor-top-column elementor-element elementor-element-01f84be\" data-id=\"01f84be\" data-element_type=\"column\">\n\t\t\t<div class=\"elementor-widget-wrap elementor-element-populated\">\n\t\t\t\t\t\t<div class=\"elementor-element elementor-element-566d398 divider_yes elementor-widget elementor-widget-wgl-double-headings\" data-id=\"566d398\" data-element_type=\"widget\" data-widget_type=\"wgl-double-headings.default\">\n\t\t\t\t<div class=\"elementor-widget-container\">\n\t\t\t\t\t<div class=\"wgl-double_heading acenter\">\t\t\t\t<h3 class=\"dbl-title_wrapper\"><span class=\"dbl-title dbl-title_1\">HISTOIRE<\/span> \t\t\t\t<\/h3><span class=\"dbl-title dbl-bg_text\">HISTOIRE<\/span> \t\t<\/div>\t\t\t\t<\/div>\n\t\t\t\t<\/div>\n\t\t\t\t\t<\/div>\n\t\t<\/div>\n\t\t\t\t\t<\/div>\n\t\t<\/section>\n\t\t\t\t<section class=\"elementor-section elementor-top-section elementor-element elementor-element-118e99a elementor-section-boxed elementor-section-height-default elementor-section-height-default\" data-id=\"118e99a\" data-element_type=\"section\">\n\t\t\t\t\t\t<div class=\"elementor-container elementor-column-gap-default\">\n\t\t\t\t\t<div class=\"elementor-column elementor-col-100 elementor-top-column elementor-element elementor-element-46985c0\" data-id=\"46985c0\" data-element_type=\"column\">\n\t\t\t<div class=\"elementor-widget-wrap elementor-element-populated\">\n\t\t\t\t\t\t<div class=\"elementor-element elementor-element-d43c4d0 elementor-widget elementor-widget-spacer\" data-id=\"d43c4d0\" data-element_type=\"widget\" data-widget_type=\"spacer.default\">\n\t\t\t\t<div class=\"elementor-widget-container\">\n\t\t\t\t\t\t\t<div class=\"elementor-spacer\">\n\t\t\t<div class=\"elementor-spacer-inner\"><\/div>\n\t\t<\/div>\n\t\t\t\t\t\t<\/div>\n\t\t\t\t<\/div>\n\t\t\t\t\t<\/div>\n\t\t<\/div>\n\t\t\t\t\t<\/div>\n\t\t<\/section>\n\t\t\t\t<section class=\"elementor-section elementor-top-section elementor-element elementor-element-3dbcebc elementor-section-boxed elementor-section-height-default elementor-section-height-default\" data-id=\"3dbcebc\" data-element_type=\"section\">\n\t\t\t\t\t\t<div class=\"elementor-container elementor-column-gap-default\">\n\t\t\t\t\t<div class=\"elementor-column elementor-col-100 elementor-top-column elementor-element elementor-element-e761c38\" data-id=\"e761c38\" data-element_type=\"column\">\n\t\t\t<div class=\"elementor-widget-wrap elementor-element-populated\">\n\t\t\t\t\t\t<div class=\"elementor-element elementor-element-86fa8cb elementor-widget elementor-widget-spacer\" data-id=\"86fa8cb\" data-element_type=\"widget\" data-widget_type=\"spacer.default\">\n\t\t\t\t<div class=\"elementor-widget-container\">\n\t\t\t\t\t\t\t<div class=\"elementor-spacer\">\n\t\t\t<div class=\"elementor-spacer-inner\"><\/div>\n\t\t<\/div>\n\t\t\t\t\t\t<\/div>\n\t\t\t\t<\/div>\n\t\t\t\t\t<\/div>\n\t\t<\/div>\n\t\t\t\t\t<\/div>\n\t\t<\/section>\n\t\t\t\t<section class=\"elementor-section elementor-top-section elementor-element elementor-element-4b55594 elementor-section-boxed elementor-section-height-default elementor-section-height-default\" data-id=\"4b55594\" data-element_type=\"section\">\n\t\t\t\t\t\t<div class=\"elementor-container elementor-column-gap-default\">\n\t\t\t\t\t<div class=\"elementor-column elementor-col-100 elementor-top-column elementor-element elementor-element-f4aed82\" data-id=\"f4aed82\" data-element_type=\"column\">\n\t\t\t<div class=\"elementor-widget-wrap elementor-element-populated\">\n\t\t\t\t\t\t<div class=\"elementor-element elementor-element-1590323 elementor-widget elementor-widget-spacer\" data-id=\"1590323\" data-element_type=\"widget\" data-widget_type=\"spacer.default\">\n\t\t\t\t<div class=\"elementor-widget-container\">\n\t\t\t\t\t\t\t<div class=\"elementor-spacer\">\n\t\t\t<div class=\"elementor-spacer-inner\"><\/div>\n\t\t<\/div>\n\t\t\t\t\t\t<\/div>\n\t\t\t\t<\/div>\n\t\t\t\t<div class=\"elementor-element elementor-element-376a682 storia elementor-widget elementor-widget-wgl-time-line-vertical\" data-id=\"376a682\" data-element_type=\"widget\" data-widget_type=\"wgl-time-line-vertical.default\">\n\t\t\t\t<div class=\"elementor-widget-container\">\n\t\t\t\t\t        <div class=\"wgl-timeline-vertical appear_anim\">\r\n\r\n\r\n        <div class=\"time_line-items_wrap\">            <div class=\"time_line-item\">\r\n                <div class=\"time_line-cont\"><\/div>\r\n                <div class=\"time_line-date_wrap\">\r\n                    <div class=\"time_line-date_curve\"><\/div>\r\n                    <div class=\"time_line-date\"><span>1990<\/span><\/div>\r\n                    <div class=\"time_line-date_curve\"><\/div>\r\n                <\/div>\r\n                <div class=\"time_line-cont\">\r\n                    <div class=\"time_line-content\" style=\"background-image: url(https:\/\/www.prismi.it\/wp-content\/uploads\/2021\/03\/1990.jpg); background-position: center center; background-size: cover; background-repeat: no-repeat;\">                                <div class=\"time_line-text\"><p><span style=\"font-size: 17px\">1990. D\u00e9but del'activit\u00e9 de recyclage du caoutchouc de <strong>Prismi<\/strong><br \/><\/span><\/p><\/div>                    <\/div>\r\n                <\/div>\r\n            <\/div>            <div class=\"time_line-item\">\r\n                <div class=\"time_line-cont\"><\/div>\r\n                <div class=\"time_line-date_wrap\">\r\n                    <div class=\"time_line-date_curve\"><\/div>\r\n                    <div class=\"time_line-date\"><span>1998<\/span><\/div>\r\n                    <div class=\"time_line-date_curve\"><\/div>\r\n                <\/div>\r\n                <div class=\"time_line-cont\">\r\n                    <div class=\"time_line-content\" style=\"background-image: url(https:\/\/www.prismi.it\/wp-content\/uploads\/2021\/03\/2000.jpg); background-position: center center; background-size: cover; background-repeat: no-repeat;\">                                <div class=\"time_line-text\"><p><span style=\"font-size: 17px\">1998. La premi\u00e8re loi interdisant l'enfouissement du caoutchouc entre en vigueur en Italie<br \/><\/span><\/p><\/div>                    <\/div>\r\n                <\/div>\r\n            <\/div>            <div class=\"time_line-item\">\r\n                <div class=\"time_line-cont\"><\/div>\r\n                <div class=\"time_line-date_wrap\">\r\n                    <div class=\"time_line-date_curve\"><\/div>\r\n                    <div class=\"time_line-date\"><span>2012<\/span><\/div>\r\n                    <div class=\"time_line-date_curve\"><\/div>\r\n                <\/div>\r\n                <div class=\"time_line-cont\">\r\n                    <div class=\"time_line-content\" style=\"background-image: url(https:\/\/www.prismi.it\/wp-content\/uploads\/2021\/03\/2010.jpg); background-position: center center; background-size: cover; background-repeat: no-repeat;\">                                <div class=\"time_line-text\"><p><span style=\"font-size: 17px\">2010. <strong>Prismi<\/strong> agrandit son site de production sur 11000 m2<span><\/span><\/span><\/p><\/div>                    <\/div>\r\n                <\/div>\r\n            <\/div>            <div class=\"time_line-item\">\r\n                <div class=\"time_line-cont\"><\/div>\r\n                <div class=\"time_line-date_wrap\">\r\n                    <div class=\"time_line-date_curve\"><\/div>\r\n                    <div class=\"time_line-date\"><span>2020<\/span><\/div>\r\n                    <div class=\"time_line-date_curve\"><\/div>\r\n                <\/div>\r\n                <div class=\"time_line-cont\">\r\n                    <div class=\"time_line-content\" style=\"background-image: url(https:\/\/www.prismi.it\/wp-content\/uploads\/2021\/03\/2020-scaled.jpg); background-position: center center; background-size: cover; background-repeat: no-repeat;\">                                <div class=\"time_line-text\"><p><span style=\"font-size: 17px\">2020. A <strong>Prismi<\/strong> une refonte industrielle est en cours visant \u00e0 la production de produits innovants<span><\/span><\/span><\/p><\/div>                    <\/div>\r\n                <\/div>\r\n            <\/div>        <\/div>\r\n        <\/div>\t\t\t\t<\/div>\n\t\t\t\t<\/div>\n\t\t\t\t\t<\/div>\n\t\t<\/div>\n\t\t\t\t\t<\/div>\n\t\t<\/section>\n\t\t\t\t<section class=\"elementor-section elementor-top-section elementor-element elementor-element-e270252 elementor-section-stretched elementor-section-boxed elementor-section-height-default elementor-section-height-default\" data-id=\"e270252\" data-element_type=\"section\" data-settings=\"{&quot;stretch_section&quot;:&quot;section-stretched&quot;,&quot;background_background&quot;:&quot;classic&quot;}\">\n\t\t\t\t\t\t<div class=\"elementor-container elementor-column-gap-default\">\n\t\t\t\t\t<div class=\"elementor-column elementor-col-100 elementor-top-column elementor-element elementor-element-d5bede1\" data-id=\"d5bede1\" data-element_type=\"column\">\n\t\t\t<div class=\"elementor-widget-wrap elementor-element-populated\">\n\t\t\t\t\t\t<div class=\"elementor-element elementor-element-9e67035 elementor-widget elementor-widget-spacer\" data-id=\"9e67035\" data-element_type=\"widget\" data-widget_type=\"spacer.default\">\n\t\t\t\t<div class=\"elementor-widget-container\">\n\t\t\t\t\t\t\t<div class=\"elementor-spacer\">\n\t\t\t<div class=\"elementor-spacer-inner\"><\/div>\n\t\t<\/div>\n\t\t\t\t\t\t<\/div>\n\t\t\t\t<\/div>\n\t\t\t\t\t<\/div>\n\t\t<\/div>\n\t\t\t\t\t<\/div>\n\t\t<\/section>\n\t\t\t\t<\/div>\n\t\t","protected":false},"excerpt":{"rendered":"<p>HISTOIRE HISTOIRE 1990 1990. D\u00e9but del&#8217;activit\u00e9 de recyclage du caoutchouc de Prismi 1998 1998. La premi\u00e8re loi interdisant l&#8217;enfouissement du caoutchouc entre en vigueur en Italie 2012 2010. Prismi agrandit son site de production sur 11000 m2 2020 2020. A Prismi une refonte industrielle est en cours visant \u00e0 la production de produits innovants<\/p>\n","protected":false},"author":1,"featured_media":0,"parent":0,"menu_order":0,"comment_status":"closed","ping_status":"closed","template":"","meta":{"footnotes":""},"class_list":["post-61692","page","type-page","status-publish","hentry"],"_links":{"self":[{"href":"https:\/\/www.prismi.it\/fr\/wp-json\/wp\/v2\/pages\/61692","targetHints":{"allow":["GET"]}}],"collection":[{"href":"https:\/\/www.prismi.it\/fr\/wp-json\/wp\/v2\/pages"}],"about":[{"href":"https:\/\/www.prismi.it\/fr\/wp-json\/wp\/v2\/types\/page"}],"author":[{"embeddable":true,"href":"https:\/\/www.prismi.it\/fr\/wp-json\/wp\/v2\/users\/1"}],"replies":[{"embeddable":true,"href":"https:\/\/www.prismi.it\/fr\/wp-json\/wp\/v2\/comments?post=61692"}],"version-history":[{"count":1,"href":"https:\/\/www.prismi.it\/fr\/wp-json\/wp\/v2\/pages\/61692\/revisions"}],"predecessor-version":[{"id":64493,"href":"https:\/\/www.prismi.it\/fr\/wp-json\/wp\/v2\/pages\/61692\/revisions\/64493"}],"wp:attachment":[{"href":"https:\/\/www.prismi.it\/fr\/wp-json\/wp\/v2\/media?parent=61692"}],"curies":[{"name":"wp","href":"https:\/\/api.w.org\/{rel}","templated":true}]}}