{"id":61734,"date":"2021-03-09T01:16:26","date_gmt":"2021-03-09T00:16:26","guid":{"rendered":"https:\/\/www.prismi.it\/gomma-controllo-qualita\/"},"modified":"2026-03-31T12:33:04","modified_gmt":"2026-03-31T10:33:04","slug":"caoutchouc-controle-qualite","status":"publish","type":"page","link":"https:\/\/www.prismi.it\/fr\/caoutchouc-controle-qualite\/","title":{"rendered":"LABORATOIRE"},"content":{"rendered":"\t\t<div data-elementor-type=\"wp-page\" data-elementor-id=\"61734\" class=\"elementor elementor-61734 elementor-37087\">\n\t\t\t\t\t\t<section class=\"elementor-section elementor-top-section elementor-element elementor-element-6ef98bd elementor-section-boxed elementor-section-height-default elementor-section-height-default\" data-id=\"6ef98bd\" data-element_type=\"section\">\n\t\t\t\t\t\t<div class=\"elementor-container elementor-column-gap-default\">\n\t\t\t\t\t<div class=\"elementor-column elementor-col-100 elementor-top-column elementor-element elementor-element-12ceb8f\" data-id=\"12ceb8f\" data-element_type=\"column\">\n\t\t\t<div class=\"elementor-widget-wrap elementor-element-populated\">\n\t\t\t\t\t\t<div class=\"elementor-element elementor-element-bd9f728 elementor-widget elementor-widget-spacer\" data-id=\"bd9f728\" data-element_type=\"widget\" data-widget_type=\"spacer.default\">\n\t\t\t\t<div class=\"elementor-widget-container\">\n\t\t\t\t\t\t\t<div class=\"elementor-spacer\">\n\t\t\t<div class=\"elementor-spacer-inner\"><\/div>\n\t\t<\/div>\n\t\t\t\t\t\t<\/div>\n\t\t\t\t<\/div>\n\t\t\t\t\t<\/div>\n\t\t<\/div>\n\t\t\t\t\t<\/div>\n\t\t<\/section>\n\t\t\t\t<section class=\"elementor-section elementor-top-section elementor-element elementor-element-5f1a461 elementor-section-boxed elementor-section-height-default elementor-section-height-default\" data-id=\"5f1a461\" data-element_type=\"section\">\n\t\t\t\t\t\t<div class=\"elementor-container elementor-column-gap-default\">\n\t\t\t\t\t<div class=\"elementor-column elementor-col-100 elementor-top-column elementor-element elementor-element-01f84be\" data-id=\"01f84be\" data-element_type=\"column\">\n\t\t\t<div class=\"elementor-widget-wrap elementor-element-populated\">\n\t\t\t\t\t\t<div class=\"elementor-element elementor-element-566d398 divider_yes elementor-widget elementor-widget-wgl-double-headings\" data-id=\"566d398\" data-element_type=\"widget\" data-widget_type=\"wgl-double-headings.default\">\n\t\t\t\t<div class=\"elementor-widget-container\">\n\t\t\t\t\t<div class=\"wgl-double_heading acenter\">\t\t\t\t<h1 class=\"dbl-title_wrapper\"><span class=\"dbl-title dbl-title_1\">LABORATOIRE | Densit\u00e9, granulom\u00e9trie, teinte<\/span> \t\t\t\t<\/h1><span class=\"dbl-title dbl-bg_text\">LABORATOIRE<\/span> \t\t<\/div>\t\t\t\t<\/div>\n\t\t\t\t<\/div>\n\t\t\t\t<div class=\"elementor-element elementor-element-40f03e1 elementor-widget elementor-widget-text-editor\" data-id=\"40f03e1\" data-element_type=\"widget\" data-widget_type=\"text-editor.default\">\n\t\t\t\t<div class=\"elementor-widget-container\">\n\t\t\t\t\t\t\t\t\t<p>Prismi garantit un contr\u00f4le qualit\u00e9 optimal de ses granul\u00e9s et poudres de caoutchouc gr\u00e2ce \u00e0 un laboratoire interne de pointe. Chaque lot est test\u00e9 pour la <strong>densit\u00e9<\/strong>, la <strong>granulom\u00e9trie<\/strong> et la <strong>colorim\u00e9trie<\/strong> conform\u00e9ment aux normes UNI, assurant des performances \u00e9lev\u00e9es et une production constante.<\/p>\t\t\t\t\t\t\t\t<\/div>\n\t\t\t\t<\/div>\n\t\t\t\t\t<\/div>\n\t\t<\/div>\n\t\t\t\t\t<\/div>\n\t\t<\/section>\n\t\t\t\t<section class=\"elementor-section elementor-top-section elementor-element elementor-element-118e99a elementor-section-boxed elementor-section-height-default elementor-section-height-default\" data-id=\"118e99a\" data-element_type=\"section\">\n\t\t\t\t\t\t<div class=\"elementor-container elementor-column-gap-default\">\n\t\t\t\t\t<div class=\"elementor-column elementor-col-100 elementor-top-column elementor-element elementor-element-46985c0\" data-id=\"46985c0\" data-element_type=\"column\">\n\t\t\t<div class=\"elementor-widget-wrap elementor-element-populated\">\n\t\t\t\t\t\t<div class=\"elementor-element elementor-element-d43c4d0 elementor-widget elementor-widget-spacer\" data-id=\"d43c4d0\" data-element_type=\"widget\" data-widget_type=\"spacer.default\">\n\t\t\t\t<div class=\"elementor-widget-container\">\n\t\t\t\t\t\t\t<div class=\"elementor-spacer\">\n\t\t\t<div class=\"elementor-spacer-inner\"><\/div>\n\t\t<\/div>\n\t\t\t\t\t\t<\/div>\n\t\t\t\t<\/div>\n\t\t\t\t\t<\/div>\n\t\t<\/div>\n\t\t\t\t\t<\/div>\n\t\t<\/section>\n\t\t\t\t<section class=\"elementor-section elementor-top-section elementor-element elementor-element-3dbcebc elementor-section-boxed elementor-section-height-default elementor-section-height-default\" data-id=\"3dbcebc\" data-element_type=\"section\">\n\t\t\t\t\t\t<div class=\"elementor-container elementor-column-gap-default\">\n\t\t\t\t\t<div class=\"elementor-column elementor-col-100 elementor-top-column elementor-element elementor-element-e761c38\" data-id=\"e761c38\" data-element_type=\"column\">\n\t\t\t<div class=\"elementor-widget-wrap elementor-element-populated\">\n\t\t\t\t\t\t<div class=\"elementor-element elementor-element-86fa8cb elementor-widget elementor-widget-spacer\" data-id=\"86fa8cb\" data-element_type=\"widget\" data-widget_type=\"spacer.default\">\n\t\t\t\t<div class=\"elementor-widget-container\">\n\t\t\t\t\t\t\t<div class=\"elementor-spacer\">\n\t\t\t<div class=\"elementor-spacer-inner\"><\/div>\n\t\t<\/div>\n\t\t\t\t\t\t<\/div>\n\t\t\t\t<\/div>\n\t\t\t\t\t<\/div>\n\t\t<\/div>\n\t\t\t\t\t<\/div>\n\t\t<\/section>\n\t\t\t\t<section class=\"elementor-section elementor-top-section elementor-element elementor-element-8ea2bbc elementor-section-boxed elementor-section-height-default elementor-section-height-default\" data-id=\"8ea2bbc\" data-element_type=\"section\">\n\t\t\t\t\t\t<div class=\"elementor-container elementor-column-gap-default\">\n\t\t\t\t\t<div class=\"elementor-column elementor-col-100 elementor-top-column elementor-element elementor-element-b2f154b\" data-id=\"b2f154b\" data-element_type=\"column\">\n\t\t\t<div class=\"elementor-widget-wrap elementor-element-populated\">\n\t\t\t\t\t\t<div class=\"elementor-element elementor-element-6a92b77 elementor-widget elementor-widget-image\" data-id=\"6a92b77\" data-element_type=\"widget\" data-widget_type=\"image.default\">\n\t\t\t\t<div class=\"elementor-widget-container\">\n\t\t\t\t\t\t\t\t\t\t\t\t\t\t\t<img fetchpriority=\"high\" decoding=\"async\" width=\"1500\" height=\"555\" src=\"https:\/\/www.prismi.it\/wp-content\/uploads\/2021\/03\/banner-laboratorioOK.jpg\" class=\"attachment-full size-full wp-image-37103\" alt=\"\" srcset=\"https:\/\/www.prismi.it\/wp-content\/uploads\/2021\/03\/banner-laboratorioOK.jpg 1500w, https:\/\/www.prismi.it\/wp-content\/uploads\/2021\/03\/banner-laboratorioOK-300x111.jpg 300w, https:\/\/www.prismi.it\/wp-content\/uploads\/2021\/03\/banner-laboratorioOK-1024x379.jpg 1024w, https:\/\/www.prismi.it\/wp-content\/uploads\/2021\/03\/banner-laboratorioOK-768x284.jpg 768w\" sizes=\"(max-width: 1500px) 100vw, 1500px\" \/>\t\t\t\t\t\t\t\t\t\t\t\t\t\t\t<\/div>\n\t\t\t\t<\/div>\n\t\t\t\t\t<\/div>\n\t\t<\/div>\n\t\t\t\t\t<\/div>\n\t\t<\/section>\n\t\t\t\t<section class=\"elementor-section elementor-top-section elementor-element elementor-element-fe8a42f elementor-section-boxed elementor-section-height-default elementor-section-height-default\" data-id=\"fe8a42f\" data-element_type=\"section\" data-settings=\"{&quot;background_background&quot;:&quot;classic&quot;}\">\n\t\t\t\t\t\t<div class=\"elementor-container elementor-column-gap-extended\">\n\t\t\t\t\t<div class=\"elementor-column elementor-col-33 elementor-top-column elementor-element elementor-element-c060c71\" data-id=\"c060c71\" data-element_type=\"column\">\n\t\t\t<div class=\"elementor-widget-wrap elementor-element-populated\">\n\t\t\t\t\t\t<div class=\"elementor-element elementor-element-311e257 elementor-widget elementor-widget-image\" data-id=\"311e257\" data-element_type=\"widget\" data-widget_type=\"image.default\">\n\t\t\t\t<div class=\"elementor-widget-container\">\n\t\t\t\t\t\t\t\t\t\t\t\t\t\t\t<img decoding=\"async\" width=\"1018\" height=\"706\" src=\"https:\/\/www.prismi.it\/wp-content\/uploads\/2021\/03\/lab-1.jpg\" class=\"attachment-full size-full wp-image-37107\" alt=\"\" srcset=\"https:\/\/www.prismi.it\/wp-content\/uploads\/2021\/03\/lab-1.jpg 1018w, https:\/\/www.prismi.it\/wp-content\/uploads\/2021\/03\/lab-1-300x208.jpg 300w, https:\/\/www.prismi.it\/wp-content\/uploads\/2021\/03\/lab-1-768x533.jpg 768w\" sizes=\"(max-width: 1018px) 100vw, 1018px\" \/>\t\t\t\t\t\t\t\t\t\t\t\t\t\t\t<\/div>\n\t\t\t\t<\/div>\n\t\t\t\t\t<\/div>\n\t\t<\/div>\n\t\t\t\t<div class=\"elementor-column elementor-col-66 elementor-top-column elementor-element elementor-element-4ab592e\" data-id=\"4ab592e\" data-element_type=\"column\">\n\t\t\t<div class=\"elementor-widget-wrap elementor-element-populated\">\n\t\t\t\t\t\t<div class=\"elementor-element elementor-element-cb4fbc5 elementor-widget elementor-widget-spacer\" data-id=\"cb4fbc5\" data-element_type=\"widget\" data-widget_type=\"spacer.default\">\n\t\t\t\t<div class=\"elementor-widget-container\">\n\t\t\t\t\t\t\t<div class=\"elementor-spacer\">\n\t\t\t<div class=\"elementor-spacer-inner\"><\/div>\n\t\t<\/div>\n\t\t\t\t\t\t<\/div>\n\t\t\t\t<\/div>\n\t\t\t\t<div class=\"elementor-element elementor-element-b10c41f elementor-widget elementor-widget-heading\" data-id=\"b10c41f\" data-element_type=\"widget\" data-widget_type=\"heading.default\">\n\t\t\t\t<div class=\"elementor-widget-container\">\n\t\t\t\t\t<h2 class=\"elementor-heading-title elementor-size-default\">Densit\u00e9 des granul\u00e9s et des poudres<\/h2>\t\t\t\t<\/div>\n\t\t\t\t<\/div>\n\t\t\t\t<div class=\"elementor-element elementor-element-0bdc144 elementor-widget elementor-widget-text-editor\" data-id=\"0bdc144\" data-element_type=\"widget\" data-widget_type=\"text-editor.default\">\n\t\t\t\t<div class=\"elementor-widget-container\">\n\t\t\t\t\t\t\t\t\t<p>Nous v\u00e9rifions la densit\u00e9, le poids sp\u00e9cifique apparent et l&#8217;analyse granulom\u00e9trique sur les produits en granul\u00e9s et en poudre de caoutchouc.<br \/>Un lot toutes les 4 heures de production est test\u00e9 par \u00e9chantillonnage selon la norme <strong>UNI EN 932-1.<\/strong><br \/>Examin\u00e9 en laboratoire pour les impuret\u00e9s visuelles, il est introduit dans un r\u00e9cipient sp\u00e9cial en dmc selon les directives de la norme <strong>UNI EN ISO 17828: 2016<\/strong> pour obtenir la densit\u00e9 apparente des granul\u00e9s et des poudres de caoutchouc.<br \/>L&#8217;utilisation d&#8217;un analyseur granulom\u00e9trique REITCH nous permet de v\u00e9rifier la courbe de distribution<\/p>\t\t\t\t\t\t\t\t<\/div>\n\t\t\t\t<\/div>\n\t\t\t\t<div class=\"elementor-element elementor-element-ff8dd49 elementor-widget elementor-widget-spacer\" data-id=\"ff8dd49\" data-element_type=\"widget\" data-widget_type=\"spacer.default\">\n\t\t\t\t<div class=\"elementor-widget-container\">\n\t\t\t\t\t\t\t<div class=\"elementor-spacer\">\n\t\t\t<div class=\"elementor-spacer-inner\"><\/div>\n\t\t<\/div>\n\t\t\t\t\t\t<\/div>\n\t\t\t\t<\/div>\n\t\t\t\t\t<\/div>\n\t\t<\/div>\n\t\t\t\t\t<\/div>\n\t\t<\/section>\n\t\t\t\t<section class=\"elementor-section elementor-top-section elementor-element elementor-element-6dddd63 elementor-section-boxed elementor-section-height-default elementor-section-height-default\" data-id=\"6dddd63\" data-element_type=\"section\" data-settings=\"{&quot;background_background&quot;:&quot;classic&quot;}\">\n\t\t\t\t\t\t<div class=\"elementor-container elementor-column-gap-extended\">\n\t\t\t\t\t<div class=\"elementor-column elementor-col-33 elementor-top-column elementor-element elementor-element-9f19193\" data-id=\"9f19193\" data-element_type=\"column\">\n\t\t\t<div class=\"elementor-widget-wrap elementor-element-populated\">\n\t\t\t\t\t\t<div class=\"elementor-element elementor-element-1486bb8 elementor-widget elementor-widget-image\" data-id=\"1486bb8\" data-element_type=\"widget\" data-widget_type=\"image.default\">\n\t\t\t\t<div class=\"elementor-widget-container\">\n\t\t\t\t\t\t\t\t\t\t\t\t\t\t\t<img decoding=\"async\" width=\"787\" height=\"545\" src=\"https:\/\/www.prismi.it\/wp-content\/uploads\/2021\/03\/durometer.jpg\" class=\"attachment-full size-full wp-image-37114\" alt=\"\" srcset=\"https:\/\/www.prismi.it\/wp-content\/uploads\/2021\/03\/durometer.jpg 787w, https:\/\/www.prismi.it\/wp-content\/uploads\/2021\/03\/durometer-300x208.jpg 300w, https:\/\/www.prismi.it\/wp-content\/uploads\/2021\/03\/durometer-768x532.jpg 768w\" sizes=\"(max-width: 787px) 100vw, 787px\" \/>\t\t\t\t\t\t\t\t\t\t\t\t\t\t\t<\/div>\n\t\t\t\t<\/div>\n\t\t\t\t\t<\/div>\n\t\t<\/div>\n\t\t\t\t<div class=\"elementor-column elementor-col-66 elementor-top-column elementor-element elementor-element-ef3369f\" data-id=\"ef3369f\" data-element_type=\"column\">\n\t\t\t<div class=\"elementor-widget-wrap elementor-element-populated\">\n\t\t\t\t\t\t<div class=\"elementor-element elementor-element-1437e3c elementor-widget elementor-widget-spacer\" data-id=\"1437e3c\" data-element_type=\"widget\" data-widget_type=\"spacer.default\">\n\t\t\t\t<div class=\"elementor-widget-container\">\n\t\t\t\t\t\t\t<div class=\"elementor-spacer\">\n\t\t\t<div class=\"elementor-spacer-inner\"><\/div>\n\t\t<\/div>\n\t\t\t\t\t\t<\/div>\n\t\t\t\t<\/div>\n\t\t\t\t<div class=\"elementor-element elementor-element-632f4e9 elementor-widget elementor-widget-heading\" data-id=\"632f4e9\" data-element_type=\"widget\" data-widget_type=\"heading.default\">\n\t\t\t\t<div class=\"elementor-widget-container\">\n\t\t\t\t\t<h3 class=\"elementor-heading-title elementor-size-default\">Granulom\u00e9trie<\/h3>\t\t\t\t<\/div>\n\t\t\t\t<\/div>\n\t\t\t\t<div class=\"elementor-element elementor-element-1af2315 elementor-widget elementor-widget-text-editor\" data-id=\"1af2315\" data-element_type=\"widget\" data-widget_type=\"text-editor.default\">\n\t\t\t\t<div class=\"elementor-widget-container\">\n\t\t\t\t\t\t\t\t\t<p>Gr\u00e2ce \u00e0 des testeurs de duret\u00e9, nous effectuons des tests de duret\u00e9 sur des mat\u00e9riaux qui sont transf\u00e9r\u00e9s \u00e0 la source. Bien que les donn\u00e9es soient d\u00e9j\u00e0 d\u00e9clar\u00e9es par le constructeur, le test nous permet \u00e9galement de percevoir le durcissement post-vieillissement du mat\u00e9riau.<br \/>La Norme \u00e0 laquelle nous nous r\u00e9f\u00e9rons sp\u00e9cifiquement est la <strong>UNI ISO 48-4:2019.<\/strong><\/p>\t\t\t\t\t\t\t\t<\/div>\n\t\t\t\t<\/div>\n\t\t\t\t<div class=\"elementor-element elementor-element-e51d4f0 elementor-widget elementor-widget-spacer\" data-id=\"e51d4f0\" data-element_type=\"widget\" data-widget_type=\"spacer.default\">\n\t\t\t\t<div class=\"elementor-widget-container\">\n\t\t\t\t\t\t\t<div class=\"elementor-spacer\">\n\t\t\t<div class=\"elementor-spacer-inner\"><\/div>\n\t\t<\/div>\n\t\t\t\t\t\t<\/div>\n\t\t\t\t<\/div>\n\t\t\t\t\t<\/div>\n\t\t<\/div>\n\t\t\t\t\t<\/div>\n\t\t<\/section>\n\t\t\t\t<section class=\"elementor-section elementor-top-section elementor-element elementor-element-6334138 elementor-section-boxed elementor-section-height-default elementor-section-height-default\" data-id=\"6334138\" data-element_type=\"section\" data-settings=\"{&quot;background_background&quot;:&quot;classic&quot;}\">\n\t\t\t\t\t\t<div class=\"elementor-container elementor-column-gap-extended\">\n\t\t\t\t\t<div class=\"elementor-column elementor-col-33 elementor-top-column elementor-element elementor-element-eeb36e9\" data-id=\"eeb36e9\" data-element_type=\"column\">\n\t\t\t<div class=\"elementor-widget-wrap elementor-element-populated\">\n\t\t\t\t\t\t<div class=\"elementor-element elementor-element-62f37e1 elementor-widget elementor-widget-image\" data-id=\"62f37e1\" data-element_type=\"widget\" data-widget_type=\"image.default\">\n\t\t\t\t<div class=\"elementor-widget-container\">\n\t\t\t\t\t\t\t\t\t\t\t\t\t\t\t<img loading=\"lazy\" decoding=\"async\" width=\"1075\" height=\"745\" src=\"https:\/\/www.prismi.it\/wp-content\/uploads\/2021\/03\/controllo-colorimetrico.jpg\" class=\"attachment-full size-full wp-image-37118\" alt=\"\" srcset=\"https:\/\/www.prismi.it\/wp-content\/uploads\/2021\/03\/controllo-colorimetrico.jpg 1075w, https:\/\/www.prismi.it\/wp-content\/uploads\/2021\/03\/controllo-colorimetrico-300x208.jpg 300w, https:\/\/www.prismi.it\/wp-content\/uploads\/2021\/03\/controllo-colorimetrico-1024x710.jpg 1024w, https:\/\/www.prismi.it\/wp-content\/uploads\/2021\/03\/controllo-colorimetrico-768x532.jpg 768w\" sizes=\"(max-width: 1075px) 100vw, 1075px\" \/>\t\t\t\t\t\t\t\t\t\t\t\t\t\t\t<\/div>\n\t\t\t\t<\/div>\n\t\t\t\t\t<\/div>\n\t\t<\/div>\n\t\t\t\t<div class=\"elementor-column elementor-col-66 elementor-top-column elementor-element elementor-element-e5765d0\" data-id=\"e5765d0\" data-element_type=\"column\">\n\t\t\t<div class=\"elementor-widget-wrap elementor-element-populated\">\n\t\t\t\t\t\t<div class=\"elementor-element elementor-element-af4d074 elementor-widget elementor-widget-spacer\" data-id=\"af4d074\" data-element_type=\"widget\" data-widget_type=\"spacer.default\">\n\t\t\t\t<div class=\"elementor-widget-container\">\n\t\t\t\t\t\t\t<div class=\"elementor-spacer\">\n\t\t\t<div class=\"elementor-spacer-inner\"><\/div>\n\t\t<\/div>\n\t\t\t\t\t\t<\/div>\n\t\t\t\t<\/div>\n\t\t\t\t<div class=\"elementor-element elementor-element-7f158dc elementor-widget elementor-widget-heading\" data-id=\"7f158dc\" data-element_type=\"widget\" data-widget_type=\"heading.default\">\n\t\t\t\t<div class=\"elementor-widget-container\">\n\t\t\t\t\t<h3 class=\"elementor-heading-title elementor-size-default\">V\u00e9rification de la teinte<\/h3>\t\t\t\t<\/div>\n\t\t\t\t<\/div>\n\t\t\t\t<div class=\"elementor-element elementor-element-615ca71 elementor-widget elementor-widget-text-editor\" data-id=\"615ca71\" data-element_type=\"widget\" data-widget_type=\"text-editor.default\">\n\t\t\t\t<div class=\"elementor-widget-container\">\n\t\t\t\t\t\t\t\t\t<p>Le contr\u00f4le colorim\u00e9trique est effectu\u00e9 sur la <strong><a href=\"https:\/\/www.tires-recycling.eu\/fr\/portfolio\/ligne-de-coloration-des-granules\/\">production obtenue sur les granul\u00e9s<\/a>.<\/strong> Il est tr\u00e8s utile pour maintenir des performances \u00e9lev\u00e9es entre les lots de production de granul\u00e9s de caoutchouc color\u00e9s. Cependant, nous recommandons toujours l&#8217;utilisation d&#8217;un lot entier de notre production sur la coul\u00e9e d&#8217;une aire de jeux, afin d&#8217;\u00e9viter les diff\u00e9rences chromatiques qui, m\u00eame si cela comporterait une variation infime, pourrait malgr\u00e8 tout en compromettre le r\u00e9sultat.<\/p>\t\t\t\t\t\t\t\t<\/div>\n\t\t\t\t<\/div>\n\t\t\t\t<div class=\"elementor-element elementor-element-5540d03 elementor-widget elementor-widget-spacer\" data-id=\"5540d03\" data-element_type=\"widget\" data-widget_type=\"spacer.default\">\n\t\t\t\t<div class=\"elementor-widget-container\">\n\t\t\t\t\t\t\t<div class=\"elementor-spacer\">\n\t\t\t<div class=\"elementor-spacer-inner\"><\/div>\n\t\t<\/div>\n\t\t\t\t\t\t<\/div>\n\t\t\t\t<\/div>\n\t\t\t\t\t<\/div>\n\t\t<\/div>\n\t\t\t\t\t<\/div>\n\t\t<\/section>\n\t\t\t\t<section class=\"elementor-section elementor-top-section elementor-element elementor-element-8f55c37 elementor-section-boxed elementor-section-height-default elementor-section-height-default\" data-id=\"8f55c37\" data-element_type=\"section\">\n\t\t\t\t\t\t<div class=\"elementor-container elementor-column-gap-default\">\n\t\t\t\t\t<div class=\"elementor-column elementor-col-100 elementor-top-column elementor-element elementor-element-540c052\" data-id=\"540c052\" data-element_type=\"column\">\n\t\t\t<div class=\"elementor-widget-wrap elementor-element-populated\">\n\t\t\t\t\t\t<div class=\"elementor-element elementor-element-3afe79c elementor-widget elementor-widget-heading\" data-id=\"3afe79c\" data-element_type=\"widget\" data-widget_type=\"heading.default\">\n\t\t\t\t<div class=\"elementor-widget-container\">\n\t\t\t\t\t<h3 class=\"elementor-heading-title elementor-size-default\">FAQ - Analyses granulom\u00e9triques, densim\u00e9triques et de teinte<\/h3>\t\t\t\t<\/div>\n\t\t\t\t<\/div>\n\t\t\t\t<div class=\"elementor-element elementor-element-0e7cdfe elementor-widget elementor-widget-toggle\" data-id=\"0e7cdfe\" data-element_type=\"widget\" data-widget_type=\"toggle.default\">\n\t\t\t\t<div class=\"elementor-widget-container\">\n\t\t\t\t\t\t\t<div class=\"elementor-toggle\">\n\t\t\t\t\t\t\t<div class=\"elementor-toggle-item\">\n\t\t\t\t\t<h3 id=\"elementor-tab-title-1511\" class=\"elementor-tab-title\" data-tab=\"1\" role=\"button\" aria-controls=\"elementor-tab-content-1511\" aria-expanded=\"false\">\n\t\t\t\t\t\t\t\t\t\t\t\t<span class=\"elementor-toggle-icon elementor-toggle-icon-left\" aria-hidden=\"true\">\n\t\t\t\t\t\t\t\t\t\t\t\t\t\t\t<span class=\"elementor-toggle-icon-closed\"><i class=\"fas fa-caret-right\"><\/i><\/span>\n\t\t\t\t\t\t\t\t<span class=\"elementor-toggle-icon-opened\"><i class=\"elementor-toggle-icon-opened fas fa-caret-up\"><\/i><\/span>\n\t\t\t\t\t\t\t\t\t\t\t\t\t<\/span>\n\t\t\t\t\t\t\t\t\t\t\t\t<a class=\"elementor-toggle-title\" tabindex=\"0\">Prismi dispose t elle d\u2019un laboratoire ? <\/a>\n\t\t\t\t\t<\/h3>\n\n\t\t\t\t\t<div id=\"elementor-tab-content-1511\" class=\"elementor-tab-content elementor-clearfix\" data-tab=\"1\" role=\"region\" aria-labelledby=\"elementor-tab-title-1511\"><p>Oui. Notre laboratoire certifie la qualit\u00e9 des produits pour les clients et garantit les standards de qualit\u00e9 de chaque lot de production. La distribution granulom\u00e9trique, les essais au dynamom\u00e8tre et la colorim\u00e9trie font partie de nos capacit\u00e9s de laboratoire.<\/p><\/div>\n\t\t\t\t<\/div>\n\t\t\t\t\t\t\t<div class=\"elementor-toggle-item\">\n\t\t\t\t\t<h3 id=\"elementor-tab-title-1512\" class=\"elementor-tab-title\" data-tab=\"2\" role=\"button\" aria-controls=\"elementor-tab-content-1512\" aria-expanded=\"false\">\n\t\t\t\t\t\t\t\t\t\t\t\t<span class=\"elementor-toggle-icon elementor-toggle-icon-left\" aria-hidden=\"true\">\n\t\t\t\t\t\t\t\t\t\t\t\t\t\t\t<span class=\"elementor-toggle-icon-closed\"><i class=\"fas fa-caret-right\"><\/i><\/span>\n\t\t\t\t\t\t\t\t<span class=\"elementor-toggle-icon-opened\"><i class=\"elementor-toggle-icon-opened fas fa-caret-up\"><\/i><\/span>\n\t\t\t\t\t\t\t\t\t\t\t\t\t<\/span>\n\t\t\t\t\t\t\t\t\t\t\t\t<a class=\"elementor-toggle-title\" tabindex=\"0\">Une analyse de l\u2019humidit\u00e9 r\u00e9siduelle est elle fournie pour un lot de production si demand\u00e9e ? <\/a>\n\t\t\t\t\t<\/h3>\n\n\t\t\t\t\t<div id=\"elementor-tab-content-1512\" class=\"elementor-tab-content elementor-clearfix\" data-tab=\"2\" role=\"region\" aria-labelledby=\"elementor-tab-title-1512\"><p>Oui. L\u2019analyse de l\u2019humidit\u00e9 r\u00e9siduelle fait partie des services de laboratoire disponibles dans notre entreprise.<\/p><\/div>\n\t\t\t\t<\/div>\n\t\t\t\t\t\t\t\t\t\t<script type=\"application\/ld+json\">{\"@context\":\"https:\\\/\\\/schema.org\",\"@type\":\"FAQPage\",\"mainEntity\":[{\"@type\":\"Question\",\"name\":\"Prismi dispose t elle d\\u2019un laboratoire ?\",\"acceptedAnswer\":{\"@type\":\"Answer\",\"text\":\"<p>Oui. Notre laboratoire certifie la qualit\\u00e9 des produits pour les clients et garantit les standards de qualit\\u00e9 de chaque lot de production. La distribution granulom\\u00e9trique, les essais au dynamom\\u00e8tre et la colorim\\u00e9trie font partie de nos capacit\\u00e9s de laboratoire.<\\\/p>\"}},{\"@type\":\"Question\",\"name\":\"Une analyse de l\\u2019humidit\\u00e9 r\\u00e9siduelle est elle fournie pour un lot de production si demand\\u00e9e ?\",\"acceptedAnswer\":{\"@type\":\"Answer\",\"text\":\"<p>Oui. L\\u2019analyse de l\\u2019humidit\\u00e9 r\\u00e9siduelle fait partie des services de laboratoire disponibles dans notre entreprise.<\\\/p>\"}}]}<\/script>\n\t\t\t\t\t<\/div>\n\t\t\t\t\t\t<\/div>\n\t\t\t\t<\/div>\n\t\t\t\t\t<\/div>\n\t\t<\/div>\n\t\t\t\t\t<\/div>\n\t\t<\/section>\n\t\t\t\t<\/div>\n\t\t","protected":false},"excerpt":{"rendered":"<p>LABORATOIRE | Densit\u00e9, granulom\u00e9trie, teinte LABORATOIRE Prismi garantit un contr\u00f4le qualit\u00e9 optimal de ses granul\u00e9s et poudres de caoutchouc gr\u00e2ce \u00e0 un laboratoire interne de pointe. Chaque lot est test\u00e9 pour la densit\u00e9, la granulom\u00e9trie et la colorim\u00e9trie conform\u00e9ment aux normes UNI, assurant des performances \u00e9lev\u00e9es et une production constante. Densit\u00e9 des granul\u00e9s et des [&hellip;]<\/p>\n","protected":false},"author":1,"featured_media":0,"parent":0,"menu_order":0,"comment_status":"closed","ping_status":"closed","template":"","meta":{"footnotes":""},"class_list":["post-61734","page","type-page","status-publish","hentry"],"_links":{"self":[{"href":"https:\/\/www.prismi.it\/fr\/wp-json\/wp\/v2\/pages\/61734","targetHints":{"allow":["GET"]}}],"collection":[{"href":"https:\/\/www.prismi.it\/fr\/wp-json\/wp\/v2\/pages"}],"about":[{"href":"https:\/\/www.prismi.it\/fr\/wp-json\/wp\/v2\/types\/page"}],"author":[{"embeddable":true,"href":"https:\/\/www.prismi.it\/fr\/wp-json\/wp\/v2\/users\/1"}],"replies":[{"embeddable":true,"href":"https:\/\/www.prismi.it\/fr\/wp-json\/wp\/v2\/comments?post=61734"}],"version-history":[{"count":11,"href":"https:\/\/www.prismi.it\/fr\/wp-json\/wp\/v2\/pages\/61734\/revisions"}],"predecessor-version":[{"id":64487,"href":"https:\/\/www.prismi.it\/fr\/wp-json\/wp\/v2\/pages\/61734\/revisions\/64487"}],"wp:attachment":[{"href":"https:\/\/www.prismi.it\/fr\/wp-json\/wp\/v2\/media?parent=61734"}],"curies":[{"name":"wp","href":"https:\/\/api.w.org\/{rel}","templated":true}]}}