{"id":61739,"date":"2021-03-09T00:58:19","date_gmt":"2021-03-08T23:58:19","guid":{"rendered":"https:\/\/www.prismi.it\/certificazioni-iso-14001\/"},"modified":"2026-03-31T12:29:45","modified_gmt":"2026-03-31T10:29:45","slug":"certification-iso-14001","status":"publish","type":"page","link":"https:\/\/www.prismi.it\/fr\/certification-iso-14001\/","title":{"rendered":"CERTIFICATION"},"content":{"rendered":"\t\t<div data-elementor-type=\"wp-page\" data-elementor-id=\"61739\" class=\"elementor elementor-61739 elementor-37072\">\n\t\t\t\t\t\t<section class=\"elementor-section elementor-top-section elementor-element elementor-element-6ef98bd elementor-section-boxed elementor-section-height-default elementor-section-height-default\" data-id=\"6ef98bd\" data-element_type=\"section\">\n\t\t\t\t\t\t<div class=\"elementor-container elementor-column-gap-default\">\n\t\t\t\t\t<div class=\"elementor-column elementor-col-100 elementor-top-column elementor-element elementor-element-12ceb8f\" data-id=\"12ceb8f\" data-element_type=\"column\">\n\t\t\t<div class=\"elementor-widget-wrap elementor-element-populated\">\n\t\t\t\t\t\t<div class=\"elementor-element elementor-element-bd9f728 elementor-widget elementor-widget-spacer\" data-id=\"bd9f728\" data-element_type=\"widget\" data-widget_type=\"spacer.default\">\n\t\t\t\t<div class=\"elementor-widget-container\">\n\t\t\t\t\t\t\t<div class=\"elementor-spacer\">\n\t\t\t<div class=\"elementor-spacer-inner\"><\/div>\n\t\t<\/div>\n\t\t\t\t\t\t<\/div>\n\t\t\t\t<\/div>\n\t\t\t\t\t<\/div>\n\t\t<\/div>\n\t\t\t\t\t<\/div>\n\t\t<\/section>\n\t\t\t\t<section class=\"elementor-section elementor-top-section elementor-element elementor-element-5f1a461 elementor-section-boxed elementor-section-height-default elementor-section-height-default\" data-id=\"5f1a461\" data-element_type=\"section\">\n\t\t\t\t\t\t<div class=\"elementor-container elementor-column-gap-default\">\n\t\t\t\t\t<div class=\"elementor-column elementor-col-100 elementor-top-column elementor-element elementor-element-01f84be\" data-id=\"01f84be\" data-element_type=\"column\">\n\t\t\t<div class=\"elementor-widget-wrap elementor-element-populated\">\n\t\t\t\t\t\t<div class=\"elementor-element elementor-element-566d398 divider_yes elementor-widget elementor-widget-wgl-double-headings\" data-id=\"566d398\" data-element_type=\"widget\" data-widget_type=\"wgl-double-headings.default\">\n\t\t\t\t<div class=\"elementor-widget-container\">\n\t\t\t\t\t<div class=\"wgl-double_heading acenter\">\t\t\t\t<h1 class=\"dbl-title_wrapper\"><span class=\"dbl-title dbl-title_1\">Recyclage du caoutchouc\u00a0: Certifications ISO 14001 et ISO 9001<\/span> \t\t\t\t<\/h1><span class=\"dbl-title dbl-bg_text\">CERTIFICAZIONI<\/span> \t\t<\/div>\t\t\t\t<\/div>\n\t\t\t\t<\/div>\n\t\t\t\t\t<\/div>\n\t\t<\/div>\n\t\t\t\t\t<\/div>\n\t\t<\/section>\n\t\t\t\t<section class=\"elementor-section elementor-top-section elementor-element elementor-element-118e99a elementor-section-boxed elementor-section-height-default elementor-section-height-default\" data-id=\"118e99a\" data-element_type=\"section\">\n\t\t\t\t\t\t<div class=\"elementor-container elementor-column-gap-default\">\n\t\t\t\t\t<div class=\"elementor-column elementor-col-100 elementor-top-column elementor-element elementor-element-46985c0\" data-id=\"46985c0\" data-element_type=\"column\">\n\t\t\t<div class=\"elementor-widget-wrap elementor-element-populated\">\n\t\t\t\t\t\t<div class=\"elementor-element elementor-element-d43c4d0 elementor-widget elementor-widget-spacer\" data-id=\"d43c4d0\" data-element_type=\"widget\" data-widget_type=\"spacer.default\">\n\t\t\t\t<div class=\"elementor-widget-container\">\n\t\t\t\t\t\t\t<div class=\"elementor-spacer\">\n\t\t\t<div class=\"elementor-spacer-inner\"><\/div>\n\t\t<\/div>\n\t\t\t\t\t\t<\/div>\n\t\t\t\t<\/div>\n\t\t\t\t\t<\/div>\n\t\t<\/div>\n\t\t\t\t\t<\/div>\n\t\t<\/section>\n\t\t\t\t<section class=\"elementor-section elementor-top-section elementor-element elementor-element-3dbcebc elementor-section-boxed elementor-section-height-default elementor-section-height-default\" data-id=\"3dbcebc\" data-element_type=\"section\">\n\t\t\t\t\t\t<div class=\"elementor-container elementor-column-gap-default\">\n\t\t\t\t\t<div class=\"elementor-column elementor-col-100 elementor-top-column elementor-element elementor-element-e761c38\" data-id=\"e761c38\" data-element_type=\"column\">\n\t\t\t<div class=\"elementor-widget-wrap elementor-element-populated\">\n\t\t\t\t\t\t<div class=\"elementor-element elementor-element-86fa8cb elementor-widget elementor-widget-spacer\" data-id=\"86fa8cb\" data-element_type=\"widget\" data-widget_type=\"spacer.default\">\n\t\t\t\t<div class=\"elementor-widget-container\">\n\t\t\t\t\t\t\t<div class=\"elementor-spacer\">\n\t\t\t<div class=\"elementor-spacer-inner\"><\/div>\n\t\t<\/div>\n\t\t\t\t\t\t<\/div>\n\t\t\t\t<\/div>\n\t\t\t\t\t<\/div>\n\t\t<\/div>\n\t\t\t\t\t<\/div>\n\t\t<\/section>\n\t\t\t\t<section class=\"elementor-section elementor-top-section elementor-element elementor-element-fe8a42f elementor-section-boxed elementor-section-height-default elementor-section-height-default\" data-id=\"fe8a42f\" data-element_type=\"section\" data-settings=\"{&quot;background_background&quot;:&quot;classic&quot;}\">\n\t\t\t\t\t\t<div class=\"elementor-container elementor-column-gap-extended\">\n\t\t\t\t\t<div class=\"elementor-column elementor-col-66 elementor-top-column elementor-element elementor-element-c060c71\" data-id=\"c060c71\" data-element_type=\"column\">\n\t\t\t<div class=\"elementor-widget-wrap\">\n\t\t\t\t\t\t\t<\/div>\n\t\t<\/div>\n\t\t\t\t<div class=\"elementor-column elementor-col-33 elementor-top-column elementor-element elementor-element-4ab592e\" data-id=\"4ab592e\" data-element_type=\"column\">\n\t\t\t<div class=\"elementor-widget-wrap elementor-element-populated\">\n\t\t\t\t\t\t<div class=\"elementor-element elementor-element-cb4fbc5 elementor-widget elementor-widget-spacer\" data-id=\"cb4fbc5\" data-element_type=\"widget\" data-widget_type=\"spacer.default\">\n\t\t\t\t<div class=\"elementor-widget-container\">\n\t\t\t\t\t\t\t<div class=\"elementor-spacer\">\n\t\t\t<div class=\"elementor-spacer-inner\"><\/div>\n\t\t<\/div>\n\t\t\t\t\t\t<\/div>\n\t\t\t\t<\/div>\n\t\t\t\t<div class=\"elementor-element elementor-element-ff8dd49 elementor-widget elementor-widget-spacer\" data-id=\"ff8dd49\" data-element_type=\"widget\" data-widget_type=\"spacer.default\">\n\t\t\t\t<div class=\"elementor-widget-container\">\n\t\t\t\t\t\t\t<div class=\"elementor-spacer\">\n\t\t\t<div class=\"elementor-spacer-inner\"><\/div>\n\t\t<\/div>\n\t\t\t\t\t\t<\/div>\n\t\t\t\t<\/div>\n\t\t\t\t\t<\/div>\n\t\t<\/div>\n\t\t\t\t\t<\/div>\n\t\t<\/section>\n\t\t\t\t<section class=\"elementor-section elementor-top-section elementor-element elementor-element-ff9f6a2 elementor-section-boxed elementor-section-height-default elementor-section-height-default\" data-id=\"ff9f6a2\" data-element_type=\"section\">\n\t\t\t\t\t\t<div class=\"elementor-container elementor-column-gap-default\">\n\t\t\t\t\t<div class=\"elementor-column elementor-col-100 elementor-top-column elementor-element elementor-element-0a0f04f\" data-id=\"0a0f04f\" data-element_type=\"column\">\n\t\t\t<div class=\"elementor-widget-wrap elementor-element-populated\">\n\t\t\t\t\t\t<div class=\"elementor-element elementor-element-d470f5a elementor-widget elementor-widget-text-editor\" data-id=\"d470f5a\" data-element_type=\"widget\" data-widget_type=\"text-editor.default\">\n\t\t\t\t<div class=\"elementor-widget-container\">\n\t\t\t\t\t\t\t\t\t<p><span>Prismi s\u2019engage \u00e0 mener ses activit\u00e9s de mani\u00e8re \u00e9co\u2011durable, et notre processus int\u00e8gre depuis toujours des m\u00e9thodes garantissant qu\u2019aucun gramme de d\u00e9chet destin\u00e9 au recyclage ne soit dispers\u00e9.<\/span><\/p><p><span>C\u2019est pour cette raison que nous sommes accr\u00e9dit\u00e9s depuis de nombreuses ann\u00e9es selon les syst\u00e8mes de management certifi\u00e9s UNI EN ISO 14001 et ISO 9001.<\/span><\/p>\t\t\t\t\t\t\t\t<\/div>\n\t\t\t\t<\/div>\n\t\t\t\t\t<\/div>\n\t\t<\/div>\n\t\t\t\t\t<\/div>\n\t\t<\/section>\n\t\t\t\t<section class=\"elementor-section elementor-top-section elementor-element elementor-element-d9a9ea4 elementor-section-boxed elementor-section-height-default elementor-section-height-default\" data-id=\"d9a9ea4\" data-element_type=\"section\">\n\t\t\t\t\t\t<div class=\"elementor-container elementor-column-gap-default\">\n\t\t\t\t\t<div class=\"elementor-column elementor-col-100 elementor-top-column elementor-element elementor-element-3e61bcb\" data-id=\"3e61bcb\" data-element_type=\"column\">\n\t\t\t<div class=\"elementor-widget-wrap elementor-element-populated\">\n\t\t\t\t\t\t<div class=\"elementor-element elementor-element-339d56e elementor-widget elementor-widget-text-editor\" data-id=\"339d56e\" data-element_type=\"widget\" data-widget_type=\"text-editor.default\">\n\t\t\t\t<div class=\"elementor-widget-container\">\n\t\t\t\t\t\t\t\t\t<p style=\"text-align: center;\"><strong>CERTIFICATIONS<\/strong><\/p>\t\t\t\t\t\t\t\t<\/div>\n\t\t\t\t<\/div>\n\t\t\t\t<div class=\"elementor-element elementor-element-9b5a412 gallery-spacing-custom elementor-widget elementor-widget-image-gallery\" data-id=\"9b5a412\" data-element_type=\"widget\" data-widget_type=\"image-gallery.default\">\n\t\t\t\t<div class=\"elementor-widget-container\">\n\t\t\t\t\t\t\t<div class=\"elementor-image-gallery\">\n\t\t\t\n\t\t<style type=\"text\/css\">\n\t\t\t#gallery-1 {\n\t\t\t\tmargin: auto;\n\t\t\t}\n\t\t\t#gallery-1 .gallery-item {\n\t\t\t\tfloat: left;\n\t\t\t\tmargin-top: 10px;\n\t\t\t\ttext-align: center;\n\t\t\t\twidth: 50%;\n\t\t\t}\n\t\t\t#gallery-1 img {\n\t\t\t\tborder: 2px solid #cfcfcf;\n\t\t\t}\n\t\t\t#gallery-1 .gallery-caption {\n\t\t\t\tmargin-left: 0;\n\t\t\t}\n\t\t\t\/* see gallery_shortcode() in wp-includes\/media.php *\/\n\t\t<\/style>\n\t\t<div id='gallery-1' class='gallery galleryid-61739 gallery-columns-2 gallery-size-large'><dl class='gallery-item'>\n\t\t\t<dt class='gallery-icon landscape'>\n\t\t\t\t<a data-elementor-open-lightbox=\"yes\" data-elementor-lightbox-slideshow=\"9b5a412\" data-elementor-lightbox-title=\"PRISMI ISO 14001\" data-elementor-lightbox-description=\"Environmental certification Prismi rubber recycling company ISO 14001\" data-e-action-hash=\"#elementor-action%3Aaction%3Dlightbox%26settings%3DeyJpZCI6NjQwNzksInVybCI6Imh0dHBzOlwvXC93d3cucHJpc21pLml0XC93cC1jb250ZW50XC91cGxvYWRzXC8yMDI2XC8wMVwvUFJJU01JLUlTTy0xNDAwMS5wbmciLCJzbGlkZXNob3ciOiI5YjVhNDEyIn0%3D\" href='https:\/\/www.prismi.it\/wp-content\/uploads\/2026\/01\/PRISMI-ISO-14001.png'><img fetchpriority=\"high\" decoding=\"async\" width=\"1024\" height=\"726\" src=\"https:\/\/www.prismi.it\/wp-content\/uploads\/2026\/01\/PRISMI-ISO-14001-1024x726.png\" class=\"attachment-large size-large\" alt=\"Prismi rubber | Environmental certified ISO 14001\" srcset=\"https:\/\/www.prismi.it\/wp-content\/uploads\/2026\/01\/PRISMI-ISO-14001-1024x726.png 1024w, https:\/\/www.prismi.it\/wp-content\/uploads\/2026\/01\/PRISMI-ISO-14001-300x213.png 300w, https:\/\/www.prismi.it\/wp-content\/uploads\/2026\/01\/PRISMI-ISO-14001-768x544.png 768w, https:\/\/www.prismi.it\/wp-content\/uploads\/2026\/01\/PRISMI-ISO-14001.png 1057w\" sizes=\"(max-width: 1024px) 100vw, 1024px\" \/><\/a>\n\t\t\t<\/dt><\/dl><dl class='gallery-item'>\n\t\t\t<dt class='gallery-icon landscape'>\n\t\t\t\t<a data-elementor-open-lightbox=\"yes\" data-elementor-lightbox-slideshow=\"9b5a412\" data-elementor-lightbox-title=\"PRISMI ISO 9001\" data-elementor-lightbox-description=\"Quality certification Prismi rubber recycling company ISO 9001\" data-e-action-hash=\"#elementor-action%3Aaction%3Dlightbox%26settings%3DeyJpZCI6NjQwNzYsInVybCI6Imh0dHBzOlwvXC93d3cucHJpc21pLml0XC93cC1jb250ZW50XC91cGxvYWRzXC8yMDI2XC8wMVwvUFJJU01JLUlTTy05MDAxLnBuZyIsInNsaWRlc2hvdyI6IjliNWE0MTIifQ%3D%3D\" href='https:\/\/www.prismi.it\/wp-content\/uploads\/2026\/01\/PRISMI-ISO-9001.png'><img decoding=\"async\" width=\"1024\" height=\"725\" src=\"https:\/\/www.prismi.it\/wp-content\/uploads\/2026\/01\/PRISMI-ISO-9001-1024x725.png\" class=\"attachment-large size-large\" alt=\"Prismi rubber | Quality certified ISO 9001\" srcset=\"https:\/\/www.prismi.it\/wp-content\/uploads\/2026\/01\/PRISMI-ISO-9001-1024x725.png 1024w, https:\/\/www.prismi.it\/wp-content\/uploads\/2026\/01\/PRISMI-ISO-9001-300x213.png 300w, https:\/\/www.prismi.it\/wp-content\/uploads\/2026\/01\/PRISMI-ISO-9001-768x544.png 768w, https:\/\/www.prismi.it\/wp-content\/uploads\/2026\/01\/PRISMI-ISO-9001.png 1056w\" sizes=\"(max-width: 1024px) 100vw, 1024px\" \/><\/a>\n\t\t\t<\/dt><\/dl><br style=\"clear: both\" \/>\n\t\t<\/div>\n\t\t<\/div>\n\t\t\t\t\t\t<\/div>\n\t\t\t\t<\/div>\n\t\t\t\t\t<\/div>\n\t\t<\/div>\n\t\t\t\t\t<\/div>\n\t\t<\/section>\n\t\t\t\t<section class=\"elementor-section elementor-top-section elementor-element elementor-element-21cf900 elementor-section-boxed elementor-section-height-default elementor-section-height-default\" data-id=\"21cf900\" data-element_type=\"section\">\n\t\t\t\t\t\t<div class=\"elementor-container elementor-column-gap-default\">\n\t\t\t\t\t<div class=\"elementor-column elementor-col-100 elementor-top-column elementor-element elementor-element-f75e00b\" data-id=\"f75e00b\" data-element_type=\"column\">\n\t\t\t<div class=\"elementor-widget-wrap elementor-element-populated\">\n\t\t\t\t\t\t<div class=\"elementor-element elementor-element-7c9cc35 elementor-widget elementor-widget-spacer\" data-id=\"7c9cc35\" data-element_type=\"widget\" data-widget_type=\"spacer.default\">\n\t\t\t\t<div class=\"elementor-widget-container\">\n\t\t\t\t\t\t\t<div class=\"elementor-spacer\">\n\t\t\t<div class=\"elementor-spacer-inner\"><\/div>\n\t\t<\/div>\n\t\t\t\t\t\t<\/div>\n\t\t\t\t<\/div>\n\t\t\t\t\t<\/div>\n\t\t<\/div>\n\t\t\t\t\t<\/div>\n\t\t<\/section>\n\t\t\t\t<section class=\"elementor-section elementor-top-section elementor-element elementor-element-737219f elementor-section-boxed elementor-section-height-default elementor-section-height-default\" data-id=\"737219f\" data-element_type=\"section\">\n\t\t\t\t\t\t<div class=\"elementor-container elementor-column-gap-default\">\n\t\t\t\t\t<div class=\"elementor-column elementor-col-100 elementor-top-column elementor-element elementor-element-57c52ab\" data-id=\"57c52ab\" data-element_type=\"column\">\n\t\t\t<div class=\"elementor-widget-wrap elementor-element-populated\">\n\t\t\t\t\t\t<div class=\"elementor-element elementor-element-e895af9 elementor-widget elementor-widget-heading\" data-id=\"e895af9\" data-element_type=\"widget\" data-widget_type=\"heading.default\">\n\t\t\t\t<div class=\"elementor-widget-container\">\n\t\t\t\t\t<h2 class=\"elementor-heading-title elementor-size-large\">Obtenir une certification conforme \u00e0 la r\u00e9glementation environnementale\u00a0: un devoir moral\u00a0!<\/h2>\t\t\t\t<\/div>\n\t\t\t\t<\/div>\n\t\t\t\t\t<\/div>\n\t\t<\/div>\n\t\t\t\t\t<\/div>\n\t\t<\/section>\n\t\t\t\t<section class=\"elementor-section elementor-top-section elementor-element elementor-element-0f5d35d elementor-section-boxed elementor-section-height-default elementor-section-height-default\" data-id=\"0f5d35d\" data-element_type=\"section\">\n\t\t\t\t\t\t<div class=\"elementor-container elementor-column-gap-default\">\n\t\t\t\t\t<div class=\"elementor-column elementor-col-100 elementor-top-column elementor-element elementor-element-e4f5e57\" data-id=\"e4f5e57\" data-element_type=\"column\">\n\t\t\t<div class=\"elementor-widget-wrap elementor-element-populated\">\n\t\t\t\t\t\t<div class=\"elementor-element elementor-element-5381f37 elementor-widget elementor-widget-text-editor\" data-id=\"5381f37\" data-element_type=\"widget\" data-widget_type=\"text-editor.default\">\n\t\t\t\t<div class=\"elementor-widget-container\">\n\t\t\t\t\t\t\t\t\t<p>Bien qu\u2019il ne soit pas obligatoire d\u2019\u00eatre accr\u00e9dit\u00e9 par un organisme de certification pour exercer son activit\u00e9, il est impossible de se conformer aux principes bureaucratiques et environnementaux existants. Un organisme de r\u00e9glementation contribue \u00e0 garantir le respect de la l\u00e9galit\u00e9 et la transparence.<\/p>\t\t\t\t\t\t\t\t<\/div>\n\t\t\t\t<\/div>\n\t\t\t\t\t<\/div>\n\t\t<\/div>\n\t\t\t\t\t<\/div>\n\t\t<\/section>\n\t\t\t\t<section class=\"elementor-section elementor-top-section elementor-element elementor-element-b969921 elementor-section-boxed elementor-section-height-default elementor-section-height-default\" data-id=\"b969921\" data-element_type=\"section\">\n\t\t\t\t\t\t<div class=\"elementor-container elementor-column-gap-default\">\n\t\t\t\t\t<div class=\"elementor-column elementor-col-100 elementor-top-column elementor-element elementor-element-136ec09\" data-id=\"136ec09\" data-element_type=\"column\">\n\t\t\t<div class=\"elementor-widget-wrap elementor-element-populated\">\n\t\t\t\t\t\t<div class=\"elementor-element elementor-element-ad31fbf elementor-widget elementor-widget-heading\" data-id=\"ad31fbf\" data-element_type=\"widget\" data-widget_type=\"heading.default\">\n\t\t\t\t<div class=\"elementor-widget-container\">\n\t\t\t\t\t<h3 class=\"elementor-heading-title elementor-size-default\">FAQ \u2013 Certifications qualit\u00e9 et environnementales<\/h3>\t\t\t\t<\/div>\n\t\t\t\t<\/div>\n\t\t\t\t<div class=\"elementor-element elementor-element-888cdd8 elementor-widget elementor-widget-toggle\" data-id=\"888cdd8\" data-element_type=\"widget\" data-widget_type=\"toggle.default\">\n\t\t\t\t<div class=\"elementor-widget-container\">\n\t\t\t\t\t\t\t<div class=\"elementor-toggle\">\n\t\t\t\t\t\t\t<div class=\"elementor-toggle-item\">\n\t\t\t\t\t<h3 id=\"elementor-tab-title-1431\" class=\"elementor-tab-title\" data-tab=\"1\" role=\"button\" aria-controls=\"elementor-tab-content-1431\" aria-expanded=\"false\">\n\t\t\t\t\t\t\t\t\t\t\t\t<span class=\"elementor-toggle-icon elementor-toggle-icon-left\" aria-hidden=\"true\">\n\t\t\t\t\t\t\t\t\t\t\t\t\t\t\t<span class=\"elementor-toggle-icon-closed\"><i class=\"fas fa-caret-right\"><\/i><\/span>\n\t\t\t\t\t\t\t\t<span class=\"elementor-toggle-icon-opened\"><i class=\"elementor-toggle-icon-opened fas fa-caret-up\"><\/i><\/span>\n\t\t\t\t\t\t\t\t\t\t\t\t\t<\/span>\n\t\t\t\t\t\t\t\t\t\t\t\t<a class=\"elementor-toggle-title\" tabindex=\"0\">Prismi poss\u00e8de t elle des certifications de qualit\u00e9 ? <\/a>\n\t\t\t\t\t<\/h3>\n\n\t\t\t\t\t<div id=\"elementor-tab-content-1431\" class=\"elementor-tab-content elementor-clearfix\" data-tab=\"1\" role=\"region\" aria-labelledby=\"elementor-tab-title-1431\"><p>Oui. L\u2019entreprise est certifi\u00e9e pour la qualit\u00e9 <strong>ISO 9001<\/strong> et pour l\u2019environnement <strong>ISO 14001<\/strong> selon les derniers protocoles en vigueur.<\/p><\/div>\n\t\t\t\t<\/div>\n\t\t\t\t\t\t\t<div class=\"elementor-toggle-item\">\n\t\t\t\t\t<h3 id=\"elementor-tab-title-1432\" class=\"elementor-tab-title\" data-tab=\"2\" role=\"button\" aria-controls=\"elementor-tab-content-1432\" aria-expanded=\"false\">\n\t\t\t\t\t\t\t\t\t\t\t\t<span class=\"elementor-toggle-icon elementor-toggle-icon-left\" aria-hidden=\"true\">\n\t\t\t\t\t\t\t\t\t\t\t\t\t\t\t<span class=\"elementor-toggle-icon-closed\"><i class=\"fas fa-caret-right\"><\/i><\/span>\n\t\t\t\t\t\t\t\t<span class=\"elementor-toggle-icon-opened\"><i class=\"elementor-toggle-icon-opened fas fa-caret-up\"><\/i><\/span>\n\t\t\t\t\t\t\t\t\t\t\t\t\t<\/span>\n\t\t\t\t\t\t\t\t\t\t\t\t<a class=\"elementor-toggle-title\" tabindex=\"0\">Prismi d\u00e9tient elle la certification REMADE pour le contenu minimum recycl\u00e9 ?<\/a>\n\t\t\t\t\t<\/h3>\n\n\t\t\t\t\t<div id=\"elementor-tab-content-1432\" class=\"elementor-tab-content elementor-clearfix\" data-tab=\"2\" role=\"region\" aria-labelledby=\"elementor-tab-title-1432\"><p>Oui. Nous d\u00e9tenons la certification REMADE pour le contenu minimum recycl\u00e9. Il s&#8217;agit d&#8217;une des certifications r\u00e9cemment exig\u00e9es pour l&#8217;utilisation de produits recycl\u00e9s dans les certifications CAM de nos clients.<\/p><\/div>\n\t\t\t\t<\/div>\n\t\t\t\t\t\t\t\t\t\t<script type=\"application\/ld+json\">{\"@context\":\"https:\\\/\\\/schema.org\",\"@type\":\"FAQPage\",\"mainEntity\":[{\"@type\":\"Question\",\"name\":\"Prismi poss\\u00e8de t elle des certifications de qualit\\u00e9 ?\",\"acceptedAnswer\":{\"@type\":\"Answer\",\"text\":\"<p>Oui. L\\u2019entreprise est certifi\\u00e9e pour la qualit\\u00e9 <strong>ISO 9001<\\\/strong> et pour l\\u2019environnement <strong>ISO 14001<\\\/strong> selon les derniers protocoles en vigueur.<\\\/p>\"}},{\"@type\":\"Question\",\"name\":\"Prismi d\\u00e9tient elle la certification REMADE pour le contenu minimum recycl\\u00e9 ?\",\"acceptedAnswer\":{\"@type\":\"Answer\",\"text\":\"<p>Oui. Nous d\\u00e9tenons la certification REMADE pour le contenu minimum recycl\\u00e9. Il s&#8217;agit d&#8217;une des certifications r\\u00e9cemment exig\\u00e9es pour l&#8217;utilisation de produits recycl\\u00e9s dans les certifications CAM de nos clients.<\\\/p>\"}}]}<\/script>\n\t\t\t\t\t<\/div>\n\t\t\t\t\t\t<\/div>\n\t\t\t\t<\/div>\n\t\t\t\t\t<\/div>\n\t\t<\/div>\n\t\t\t\t\t<\/div>\n\t\t<\/section>\n\t\t\t\t<\/div>\n\t\t","protected":false},"excerpt":{"rendered":"<p>Recyclage du caoutchouc\u00a0: Certifications ISO 14001 et ISO 9001 CERTIFICAZIONI Prismi s\u2019engage \u00e0 mener ses activit\u00e9s de mani\u00e8re \u00e9co\u2011durable, et notre processus int\u00e8gre depuis toujours des m\u00e9thodes garantissant qu\u2019aucun gramme de d\u00e9chet destin\u00e9 au recyclage ne soit dispers\u00e9. C\u2019est pour cette raison que nous sommes accr\u00e9dit\u00e9s depuis de nombreuses ann\u00e9es selon les syst\u00e8mes de management [&hellip;]<\/p>\n","protected":false},"author":1,"featured_media":0,"parent":0,"menu_order":0,"comment_status":"closed","ping_status":"closed","template":"","meta":{"footnotes":""},"class_list":["post-61739","page","type-page","status-publish","hentry"],"_links":{"self":[{"href":"https:\/\/www.prismi.it\/fr\/wp-json\/wp\/v2\/pages\/61739","targetHints":{"allow":["GET"]}}],"collection":[{"href":"https:\/\/www.prismi.it\/fr\/wp-json\/wp\/v2\/pages"}],"about":[{"href":"https:\/\/www.prismi.it\/fr\/wp-json\/wp\/v2\/types\/page"}],"author":[{"embeddable":true,"href":"https:\/\/www.prismi.it\/fr\/wp-json\/wp\/v2\/users\/1"}],"replies":[{"embeddable":true,"href":"https:\/\/www.prismi.it\/fr\/wp-json\/wp\/v2\/comments?post=61739"}],"version-history":[{"count":7,"href":"https:\/\/www.prismi.it\/fr\/wp-json\/wp\/v2\/pages\/61739\/revisions"}],"predecessor-version":[{"id":64475,"href":"https:\/\/www.prismi.it\/fr\/wp-json\/wp\/v2\/pages\/61739\/revisions\/64475"}],"wp:attachment":[{"href":"https:\/\/www.prismi.it\/fr\/wp-json\/wp\/v2\/media?parent=61739"}],"curies":[{"name":"wp","href":"https:\/\/api.w.org\/{rel}","templated":true}]}}