{"id":64199,"date":"2025-05-24T15:54:39","date_gmt":"2025-05-24T13:54:39","guid":{"rendered":"https:\/\/www.prismi.it\/news\/"},"modified":"2026-03-31T12:33:50","modified_gmt":"2026-03-31T10:33:50","slug":"nouveau","status":"publish","type":"page","link":"https:\/\/www.prismi.it\/fr\/nouveau\/","title":{"rendered":"Nouveau"},"content":{"rendered":"\t\t<div data-elementor-type=\"wp-page\" data-elementor-id=\"64199\" class=\"elementor elementor-64199 elementor-63544\">\n\t\t\t\t\t\t<section class=\"elementor-section elementor-top-section elementor-element elementor-element-2eec51f elementor-section-boxed elementor-section-height-default elementor-section-height-default\" data-id=\"2eec51f\" data-element_type=\"section\">\n\t\t\t\t\t\t<div class=\"elementor-container elementor-column-gap-default\">\n\t\t\t\t\t<div class=\"elementor-column elementor-col-100 elementor-top-column elementor-element elementor-element-011641d\" data-id=\"011641d\" data-element_type=\"column\">\n\t\t\t<div class=\"elementor-widget-wrap elementor-element-populated\">\n\t\t\t\t\t\t<div class=\"elementor-element elementor-element-37bf996 elementor-widget elementor-widget-heading\" data-id=\"37bf996\" data-element_type=\"widget\" data-widget_type=\"heading.default\">\n\t\t\t\t<div class=\"elementor-widget-container\">\n\t\t\t\t\t<h1 class=\"elementor-heading-title elementor-size-default\">Actualit\u00e9s sur le recyclage du caoutchouc et ses applications<\/h1>\t\t\t\t<\/div>\n\t\t\t\t<\/div>\n\t\t\t\t<div class=\"elementor-element elementor-element-9517d82 elementor-widget elementor-widget-text-editor\" data-id=\"9517d82\" data-element_type=\"widget\" data-widget_type=\"text-editor.default\">\n\t\t\t\t<div class=\"elementor-widget-container\">\n\t\t\t\t\t\t\t\t\t<p>Sur cette page, vous trouverez des articles d\u00e9di\u00e9s aux nouvelles applications des produits recycl\u00e9s et \u00e0 leurs caract\u00e9ristiques. Le caoutchouc recycl\u00e9 pour un avenir durable.<\/p>\t\t\t\t\t\t\t\t<\/div>\n\t\t\t\t<\/div>\n\t\t\t\t\t<\/div>\n\t\t<\/div>\n\t\t\t\t\t<\/div>\n\t\t<\/section>\n\t\t\t\t<section class=\"elementor-section elementor-top-section elementor-element elementor-element-2bfea98 elementor-section-boxed elementor-section-height-default elementor-section-height-default\" data-id=\"2bfea98\" data-element_type=\"section\">\n\t\t\t\t\t\t<div class=\"elementor-container elementor-column-gap-default\">\n\t\t\t\t\t<div class=\"elementor-column elementor-col-100 elementor-top-column elementor-element elementor-element-fcfc166\" data-id=\"fcfc166\" data-element_type=\"column\">\n\t\t\t<div class=\"elementor-widget-wrap elementor-element-populated\">\n\t\t\t\t\t\t<div class=\"elementor-element elementor-element-136b1d8 elementor-widget elementor-widget-wp-widget-wgl-posts\" data-id=\"136b1d8\" data-element_type=\"widget\" data-widget_type=\"wp-widget-wgl-posts.default\">\n\t\t\t\t<div class=\"elementor-widget-container\">\n\t\t\t\t\t<div class=\"wgl-elementor-widget widget virtus_widget widget_wgl_posts\"><div class=\"widget-title\"><span class=\"widget-title_wrapper\">Recent Posts<\/span><\/div>        <ul class=\"recent-posts-widget recent-widget-2048877203\">\r\n                            \r\n                <li class=\"clearfix with_image\">\r\n                    <div class=\"recent-posts-content\">\r\n                        <div class=\"recent-posts-image_wrapper\"><a href=\"https:\/\/www.prismi.it\/fr\/du-granulat-recycle-au-rouleau-acoustique\/\"><img decoding=\"async\" src=\"https:\/\/www.prismi.it\/wp-content\/uploads\/2025\/06\/IMG-20250609-WA0024_8_11zon-150x150-168x168.jpg\" alt=\"Du Granulat Recycl\u00e9 au Rouleau Acoustique : Un Parcours Durable\"><\/a><\/div>                        <div class=\"recent-posts-content_wrapper\">\r\n                            <div class=\"post_title\">\r\n                                <a href='https:\/\/www.prismi.it\/fr\/du-granulat-recycle-au-rouleau-acoustique\/' title='Permalink to Du Granulat Recycl\u00e9 au Rouleau Acoustique : Un Parcours Durable'>Du Granulat Recycl\u00e9 au Rouleau Acoustique : Un Parcours Durable<\/a>                    \r\n                            <\/div><!-- post-title -->\r\n                                                            <div class=\"meta-wrapper\">                         \r\n                                    <span>9 juin 2025<\/span>                                  \r\n                                <\/div> <!-- \/entry-widget-date -->  \r\n                                                                                        <div class=\"recent-post-content\">Rouleaux de caoutchouc recycl\u00e9 pour...<\/div>\r\n                               \r\n                        <\/div>\r\n                    <\/div>\r\n                <\/li>   \r\n                            \r\n                <li class=\"clearfix with_image\">\r\n                    <div class=\"recent-posts-content\">\r\n                        <div class=\"recent-posts-image_wrapper\"><a href=\"https:\/\/www.prismi.it\/fr\/green-to-green-prismi-exigences-cam-dnsh-fusionnent-dans-recyclage-caoutchouc\/\"><img decoding=\"async\" src=\"https:\/\/www.prismi.it\/wp-content\/uploads\/2025\/05\/PV-PRISMI-GREEN-RUBBER-INDUSTRY-150x150-168x168.jpg\" alt=\"Green to Green by Prismi : Quand les exigences CAM et DNSH se fusionnent dans le recyclage du caoutchouc\"><\/a><\/div>                        <div class=\"recent-posts-content_wrapper\">\r\n                            <div class=\"post_title\">\r\n                                <a href='https:\/\/www.prismi.it\/fr\/green-to-green-prismi-exigences-cam-dnsh-fusionnent-dans-recyclage-caoutchouc\/' title='Permalink to Green to Green by Prismi : Quand les exigences CAM et DNSH se fusionnent dans le recyclage du caoutchouc'>Green to Green by Prismi : Quand les exigences CAM et DNSH se fusionnent dans le recyclage du caoutchouc<\/a>                    \r\n                            <\/div><!-- post-title -->\r\n                                                            <div class=\"meta-wrapper\">                         \r\n                                    <span>24 mai 2025<\/span>                                  \r\n                                <\/div> <!-- \/entry-widget-date -->  \r\n                                                                                        <div class=\"recent-post-content\">Green to Green by Prismi : Quand les exigences...<\/div>\r\n                               \r\n                        <\/div>\r\n                    <\/div>\r\n                <\/li>   \r\n                            \r\n                <li class=\"clearfix with_image\">\r\n                    <div class=\"recent-posts-content\">\r\n                        <div class=\"recent-posts-image_wrapper\"><a href=\"https:\/\/www.prismi.it\/fr\/poudre-de-caoutchouc-recyclee-pour-lindustrie-de-leconomie-verte\/\"><img decoding=\"async\" src=\"https:\/\/www.prismi.it\/wp-content\/uploads\/2020\/06\/polvere-di-gomma-riciclata-ed-economia-circolare-150x150-168x168.jpg\" alt=\"Poudre de caoutchouc recycl\u00e9e pour l&#8217;industrie de l&#8217;\u00e9conomie verte\"><\/a><\/div>                        <div class=\"recent-posts-content_wrapper\">\r\n                            <div class=\"post_title\">\r\n                                <a href='https:\/\/www.prismi.it\/fr\/poudre-de-caoutchouc-recyclee-pour-lindustrie-de-leconomie-verte\/' title='Permalink to Poudre de caoutchouc recycl\u00e9e pour l&#8217;industrie de l&#8217;\u00e9conomie verte'>Poudre de caoutchouc recycl\u00e9e pour l&#8217;industrie de l&#8217;\u00e9conomie verte<\/a>                    \r\n                            <\/div><!-- post-title -->\r\n                                                            <div class=\"meta-wrapper\">                         \r\n                                    <span>2 juillet 2020<\/span>                                  \r\n                                <\/div> <!-- \/entry-widget-date -->  \r\n                                                                                        <div class=\"recent-post-content\">\u00c9conomie circulaire et d\u00e9veloppement durable dans...<\/div>\r\n                               \r\n                        <\/div>\r\n                    <\/div>\r\n                <\/li>   \r\n                    <\/ul>\r\n    \r\n        <\/div>\t\t\t\t<\/div>\n\t\t\t\t<\/div>\n\t\t\t\t\t<\/div>\n\t\t<\/div>\n\t\t\t\t\t<\/div>\n\t\t<\/section>\n\t\t\t\t<section class=\"elementor-section elementor-top-section elementor-element elementor-element-f70da6f elementor-section-boxed elementor-section-height-default elementor-section-height-default\" data-id=\"f70da6f\" data-element_type=\"section\">\n\t\t\t\t\t\t<div class=\"elementor-container elementor-column-gap-default\">\n\t\t\t\t\t<div class=\"elementor-column elementor-col-100 elementor-top-column elementor-element elementor-element-2350459\" data-id=\"2350459\" data-element_type=\"column\">\n\t\t\t<div class=\"elementor-widget-wrap elementor-element-populated\">\n\t\t\t\t\t\t<div class=\"elementor-element elementor-element-ae4b799 elementor-widget elementor-widget-spacer\" data-id=\"ae4b799\" data-element_type=\"widget\" data-widget_type=\"spacer.default\">\n\t\t\t\t<div class=\"elementor-widget-container\">\n\t\t\t\t\t\t\t<div class=\"elementor-spacer\">\n\t\t\t<div class=\"elementor-spacer-inner\"><\/div>\n\t\t<\/div>\n\t\t\t\t\t\t<\/div>\n\t\t\t\t<\/div>\n\t\t\t\t\t<\/div>\n\t\t<\/div>\n\t\t\t\t\t<\/div>\n\t\t<\/section>\n\t\t\t\t<section class=\"elementor-section elementor-top-section elementor-element elementor-element-321b143 elementor-section-boxed elementor-section-height-default elementor-section-height-default\" data-id=\"321b143\" data-element_type=\"section\">\n\t\t\t\t\t\t<div class=\"elementor-container elementor-column-gap-default\">\n\t\t\t\t\t<div class=\"elementor-column elementor-col-100 elementor-top-column elementor-element elementor-element-a966358\" data-id=\"a966358\" data-element_type=\"column\">\n\t\t\t<div class=\"elementor-widget-wrap elementor-element-populated\">\n\t\t\t\t\t\t<div class=\"elementor-element elementor-element-528e7b5 elementor-widget elementor-widget-heading\" data-id=\"528e7b5\" data-element_type=\"widget\" data-widget_type=\"heading.default\">\n\t\t\t\t<div class=\"elementor-widget-container\">\n\t\t\t\t\t<h2 class=\"elementor-heading-title elementor-size-default\">Granul\u00e9s, poudres et produits tels que les rouleaux de caoutchouc recycl\u00e9 pour l'isolation acoustique.<\/h2>\t\t\t\t<\/div>\n\t\t\t\t<\/div>\n\t\t\t\t<div class=\"elementor-element elementor-element-5422fa6 elementor-widget elementor-widget-text-editor\" data-id=\"5422fa6\" data-element_type=\"widget\" data-widget_type=\"text-editor.default\">\n\t\t\t\t<div class=\"elementor-widget-container\">\n\t\t\t\t\t\t\t\t\t<p>Le d\u00e9veloppement durable passe aussi par le caoutchouc recycl\u00e9.<\/p><p>Des granul\u00e9s de caoutchouc pour les loisirs et le sport, aux poudres recycl\u00e9es pour la production industrielle de compos\u00e9s de caoutchouc, en passant par la fabrication de produits \u00e0 base de caoutchouc recycl\u00e9 comme les tapis acoustiques et les tapis d&#8217;isolation pour la maison.<\/p>\t\t\t\t\t\t\t\t<\/div>\n\t\t\t\t<\/div>\n\t\t\t\t\t<\/div>\n\t\t<\/div>\n\t\t\t\t\t<\/div>\n\t\t<\/section>\n\t\t\t\t<\/div>\n\t\t","protected":false},"excerpt":{"rendered":"<p>Actualit\u00e9s sur le recyclage du caoutchouc et ses applications Sur cette page, vous trouverez des articles d\u00e9di\u00e9s aux nouvelles applications des produits recycl\u00e9s et \u00e0 leurs caract\u00e9ristiques. Le caoutchouc recycl\u00e9 pour un avenir durable. Granul\u00e9s, poudres et produits tels que les rouleaux de caoutchouc recycl\u00e9 pour l&#8217;isolation acoustique. Le d\u00e9veloppement durable passe aussi par le [&hellip;]<\/p>\n","protected":false},"author":2,"featured_media":0,"parent":0,"menu_order":0,"comment_status":"closed","ping_status":"closed","template":"","meta":{"footnotes":""},"class_list":["post-64199","page","type-page","status-publish","hentry"],"_links":{"self":[{"href":"https:\/\/www.prismi.it\/fr\/wp-json\/wp\/v2\/pages\/64199","targetHints":{"allow":["GET"]}}],"collection":[{"href":"https:\/\/www.prismi.it\/fr\/wp-json\/wp\/v2\/pages"}],"about":[{"href":"https:\/\/www.prismi.it\/fr\/wp-json\/wp\/v2\/types\/page"}],"author":[{"embeddable":true,"href":"https:\/\/www.prismi.it\/fr\/wp-json\/wp\/v2\/users\/2"}],"replies":[{"embeddable":true,"href":"https:\/\/www.prismi.it\/fr\/wp-json\/wp\/v2\/comments?post=64199"}],"version-history":[{"count":12,"href":"https:\/\/www.prismi.it\/fr\/wp-json\/wp\/v2\/pages\/64199\/revisions"}],"predecessor-version":[{"id":64490,"href":"https:\/\/www.prismi.it\/fr\/wp-json\/wp\/v2\/pages\/64199\/revisions\/64490"}],"wp:attachment":[{"href":"https:\/\/www.prismi.it\/fr\/wp-json\/wp\/v2\/media?parent=64199"}],"curies":[{"name":"wp","href":"https:\/\/api.w.org\/{rel}","templated":true}]}}